{"id":1024,"date":"2018-06-15T10:08:56","date_gmt":"2018-06-15T10:08:56","guid":{"rendered":"http:\/\/www.roomsforrent.lt\/hotel-booking-shortcodes\/"},"modified":"2018-06-15T10:08:56","modified_gmt":"2018-06-15T10:08:56","slug":"hotel-booking-shortcodes","status":"publish","type":"page","link":"https:\/\/www.roomsforrent.lt\/de\/shortcodes\/hotel-booking-shortcodes\/","title":{"rendered":"Hotel Booking Shortcodes"},"content":{"rendered":"<h2>Acomodation Types<\/h2>\n<pre>&lbrack;mphb_rooms posts_per_page=\"1\"&rbrack;<\/pre>\n<div class=\"mphb_sc_rooms-wrapper mphb-room-types standard \">\n<div class=\"mphb-room-type post-1291 mphb_room_type type-mphb_room_type status-publish has-post-thumbnail mphb_room_type_category-double-de mphb_room_type_facility-free-wi-fi-de mphb-room-type-adults-4 mphb-room-type-children-0 \">\n\n\t\n\t\n\n\t<p class=\"post-thumbnail mphb-loop-room-thumbnail\">\n\t<a href=\"https:\/\/www.roomsforrent.lt\/de\/accommodation\/wohnung-im-zentrum-vonsiauliai\/\">\n\t<img loading=\"lazy\" decoding=\"async\" width=\"1280\" height=\"800\" src=\"https:\/\/www.roomsforrent.lt\/wp-content\/uploads\/2018\/06\/IMG_4018-1280x800.jpg\" class=\"attachment-alpenhouse-medium size-alpenhouse-medium wp-post-image\" alt=\"\" srcset=\"https:\/\/www.roomsforrent.lt\/wp-content\/uploads\/2018\/06\/IMG_4018-1280x800.jpg 1280w, https:\/\/www.roomsforrent.lt\/wp-content\/uploads\/2018\/06\/IMG_4018-768x480.jpg 768w\" sizes=\"auto, (max-width: 1280px) 100vw, 1280px\" \/>\t<\/a>\n\n\t<\/p>\n\n<h2 class=\"mphb-room-type-title entry-title\">\n\n<a class=\"mphb-room-type-title\" href=\"https:\/\/www.roomsforrent.lt\/de\/accommodation\/wohnung-im-zentrum-vonsiauliai\/\">Wohnung im Zentrum von \u0160iauliai<\/a>\n\n<\/h2>\n\n<p>Moderne 2-Zimmer-Apartments mit zwei Balkonen Gem\u00fctliche, modern eingerichtete Apartments zu vermieten, die sich sowohl f\u00fcr einen Kurzurlaub als auch f\u00fcr einen l\u00e4ngeren Aufenthalt eignen. Hier finden Sie alles, was Sie f\u00fcr ein komfortables Leben ben\u00f6tigen: Zwei ger\u00e4umige Schlafzimmer mit bequemen Betten und Klimaanlagen Esszimmer mit gro\u00dfem Fernseher \u2013 f\u00fcr gem\u00fctliche Stunden zu zweit Voll ausgestattete [&hellip;]<\/p>\n\n\n<h3 class=\"mphb-room-type-details-title\">Details<\/h3><ul class=\"mphb-loop-room-type-attributes\">\n\n\n\t<li class=\"mphb-room-type-adults-capacity\"><span class=\"mphb-attribute-title mphb-adults-title\">Erwachsene:<\/span><span class=\"mphb-attribute-value\">\n\t4\n\t<\/span><\/li>\n\n\n\n\t<li class=\"mphb-room-type-facilities\"><span class=\"mphb-attribute-title mphb-facilities-title\">Ausstattungen:<\/span><span class=\"mphb-attribute-value\"> <span class=\"facility-free-wi-fi-de\"><a href=\"https:\/\/www.roomsforrent.lt\/de\/accommodation-facility\/free-wi-fi-de\/\">wi-fi<\/a><\/span><\/span><\/li>\n\n\n\n\t<li class=\"mphb-room-type-view\"><span class=\"mphb-attribute-title mphb-view-title\">Ansicht:<\/span><span class=\"mphb-attribute-value\">\n\tSch\u00f6ne Aussicht\n\t<\/span><\/li>\n\n\n\n\t<li class=\"mphb-room-type-size\"><span class=\"mphb-attribute-title mphb-size-title\">Gr\u00f6\u00dfe:<\/span><span class=\"mphb-attribute-value\">\n\t80m\u00b2\n\t<\/span><\/li>\n\n\n\t<li class=\"mphb-room-type-bed-type\"><span  class=\"mphb-attribute-title mphb-bed-type-title\">Bettentyp:<\/span><span class=\"mphb-attribute-value\">\n\t1 Queensize-Bett\n\t<\/span><\/li>\n\n\n\t<li class=\"mphb-room-type-categories\"><span class=\"mphb-attribute-title mphb-categories-title\">Kategorien:<\/span><span class=\"mphb-attribute-value\"> <span class=\"category-double-de\"><a href=\"https:\/\/www.roomsforrent.lt\/de\/accommodation-category\/double-de\/\">double<\/a><\/span><\/span><\/li>\n\n<\/ul>\n\n\t<p class=\"mphb-regular-price\"><strong>Preis von:<\/strong>\n\t<span class=\"mphb-price\">140<span class=\"mphb-currency\">&euro;<\/span><\/span> <span class=\"mphb-price-period\" title=\"W\u00e4hlen Sie Daten, um relevante Preise zu sehen\">pro Nacht<\/span>\n\t<\/p>\n\n<p class=\"mphb-view-details-button-wrapper\">\n<a class=\"button mphb-view-details-button\" href=\"https:\/\/www.roomsforrent.lt\/de\/accommodation\/wohnung-im-zentrum-vonsiauliai\/\" >Details ansehen<\/a>\n<\/p>\n<div class=\"mphb-to-book-btn-wrapper\">\n<form action=\"https:\/\/www.roomsforrent.lt\/de\/accommodation\/wohnung-im-zentrum-vonsiauliai\/#booking-form-1291\" method=\"get\" ><button type=\"submit\" class=\"button mphb-book-button\" >Buchen<\/button><\/form>\n<br\/><\/div>\n\t\n<\/div>\n\n<\/div>\n<hr\/>\n<h2>Acomodation Types &#8211; Grid<\/h2>\n<pre>&lbrack;mphb_rooms class=\"grid\" posts_per_page=\"2\"&rbrack;<\/pre>\n<div class=\"mphb_sc_rooms-wrapper mphb-room-types standard grid\">\n<div class=\"mphb-room-type post-1291 mphb_room_type type-mphb_room_type status-publish has-post-thumbnail mphb_room_type_category-double-de mphb_room_type_facility-free-wi-fi-de mphb-room-type-adults-4 mphb-room-type-children-0 \">\n\n\t\n\t\n\n\t<p class=\"post-thumbnail mphb-loop-room-thumbnail\">\n\t<a href=\"https:\/\/www.roomsforrent.lt\/de\/accommodation\/wohnung-im-zentrum-vonsiauliai\/\">\n\t<img loading=\"lazy\" decoding=\"async\" width=\"1280\" height=\"800\" src=\"https:\/\/www.roomsforrent.lt\/wp-content\/uploads\/2018\/06\/IMG_4018-1280x800.jpg\" class=\"attachment-alpenhouse-medium size-alpenhouse-medium wp-post-image\" alt=\"\" srcset=\"https:\/\/www.roomsforrent.lt\/wp-content\/uploads\/2018\/06\/IMG_4018-1280x800.jpg 1280w, https:\/\/www.roomsforrent.lt\/wp-content\/uploads\/2018\/06\/IMG_4018-768x480.jpg 768w\" sizes=\"auto, (max-width: 1280px) 100vw, 1280px\" \/>\t<\/a>\n\n\t<\/p>\n\n<h2 class=\"mphb-room-type-title entry-title\">\n\n<a class=\"mphb-room-type-title\" href=\"https:\/\/www.roomsforrent.lt\/de\/accommodation\/wohnung-im-zentrum-vonsiauliai\/\">Wohnung im Zentrum von \u0160iauliai<\/a>\n\n<\/h2>\n\n<p>Moderne 2-Zimmer-Apartments mit zwei Balkonen Gem\u00fctliche, modern eingerichtete Apartments zu vermieten, die sich sowohl f\u00fcr einen Kurzurlaub als auch f\u00fcr einen l\u00e4ngeren Aufenthalt eignen. Hier finden Sie alles, was Sie f\u00fcr ein komfortables Leben ben\u00f6tigen: Zwei ger\u00e4umige Schlafzimmer mit bequemen Betten und Klimaanlagen Esszimmer mit gro\u00dfem Fernseher \u2013 f\u00fcr gem\u00fctliche Stunden zu zweit Voll ausgestattete [&hellip;]<\/p>\n\n\n<h3 class=\"mphb-room-type-details-title\">Details<\/h3><ul class=\"mphb-loop-room-type-attributes\">\n\n\n\t<li class=\"mphb-room-type-adults-capacity\"><span class=\"mphb-attribute-title mphb-adults-title\">Erwachsene:<\/span><span class=\"mphb-attribute-value\">\n\t4\n\t<\/span><\/li>\n\n\n\n\t<li class=\"mphb-room-type-facilities\"><span class=\"mphb-attribute-title mphb-facilities-title\">Ausstattungen:<\/span><span class=\"mphb-attribute-value\"> <span class=\"facility-free-wi-fi-de\"><a href=\"https:\/\/www.roomsforrent.lt\/de\/accommodation-facility\/free-wi-fi-de\/\">wi-fi<\/a><\/span><\/span><\/li>\n\n\n\n\t<li class=\"mphb-room-type-view\"><span class=\"mphb-attribute-title mphb-view-title\">Ansicht:<\/span><span class=\"mphb-attribute-value\">\n\tSch\u00f6ne Aussicht\n\t<\/span><\/li>\n\n\n\n\t<li class=\"mphb-room-type-size\"><span class=\"mphb-attribute-title mphb-size-title\">Gr\u00f6\u00dfe:<\/span><span class=\"mphb-attribute-value\">\n\t80m\u00b2\n\t<\/span><\/li>\n\n\n\t<li class=\"mphb-room-type-bed-type\"><span  class=\"mphb-attribute-title mphb-bed-type-title\">Bettentyp:<\/span><span class=\"mphb-attribute-value\">\n\t1 Queensize-Bett\n\t<\/span><\/li>\n\n\n\t<li class=\"mphb-room-type-categories\"><span class=\"mphb-attribute-title mphb-categories-title\">Kategorien:<\/span><span class=\"mphb-attribute-value\"> <span class=\"category-double-de\"><a href=\"https:\/\/www.roomsforrent.lt\/de\/accommodation-category\/double-de\/\">double<\/a><\/span><\/span><\/li>\n\n<\/ul>\n\n\t<p class=\"mphb-regular-price\"><strong>Preis von:<\/strong>\n\t<span class=\"mphb-price\">140<span class=\"mphb-currency\">&euro;<\/span><\/span> <span class=\"mphb-price-period\" title=\"W\u00e4hlen Sie Daten, um relevante Preise zu sehen\">pro Nacht<\/span>\n\t<\/p>\n\n<p class=\"mphb-view-details-button-wrapper\">\n<a class=\"button mphb-view-details-button\" href=\"https:\/\/www.roomsforrent.lt\/de\/accommodation\/wohnung-im-zentrum-vonsiauliai\/\" >Details ansehen<\/a>\n<\/p>\n<div class=\"mphb-to-book-btn-wrapper\">\n<form action=\"https:\/\/www.roomsforrent.lt\/de\/accommodation\/wohnung-im-zentrum-vonsiauliai\/#booking-form-1291\" method=\"get\" ><button type=\"submit\" class=\"button mphb-book-button\" >Buchen<\/button><\/form>\n<br\/><\/div>\n\t\n<\/div>\n\n<\/div>\n<hr\/>\n<h2>Availability Search Form Horizontal<\/h2>\n<pre>&lbrack;mphb_availability_search class=\"horizontal\"&rbrack;<\/pre>\n<div class=\"mphb_sc_search-wrapper horizontal\"><form method=\"GET\" class=\"mphb_sc_search-form\" action=\"https:\/\/www.roomsforrent.lt\/de\/search-results\/\">\n\n\t<p class = \"mphb-required-fields-tip\">\n\t<small>\n\t\tErforderliche Felder werden gefolgt von\t\t<abbr title=\"required\">*<\/abbr>\n\t<\/small>\n<\/p>\n\t<p class=\"mphb_sc_search-check-in-date\">\n\t\t<label for=\"mphb_check_in_date-mphb-search-form-69e480706c416\">\n\t\t\tAnreise\t\t\t<abbr title=\"Formatiert als yyyy-mm-dd\">*<\/abbr>\n\t\t<\/label>\n\t\t<br \/>\n\t\t<input\n\t\t\tid=\"mphb_check_in_date-mphb-search-form-69e480706c416\"\n\t\t\tdata-datepick-group=\"mphb-search-form-69e480706c416\"\n\t\t\tvalue=\"\"\n\t\t\tplaceholder=\"Anreisedatum\"\n\t\t\trequired=\"required\"\n\t\t\ttype=\"text\"\n\t\t\tinputmode=\"none\"\n\t\t\tname=\"mphb_check_in_date\"\n\t\t\tclass=\"mphb-datepick\"\n\t\t\tautocomplete=\"off\"\n\t\t\t\/>\n\t<\/p>\n\n\t<p class=\"mphb_sc_search-check-out-date\">\n\t\t<label for=\"mphb_check_out_date-mphb-search-form-69e480706c416\">\n\t\t\tAbreise\t\t\t<abbr title=\"Formatiert als yyyy-mm-dd\">*<\/abbr>\n\t\t<\/label>\n\t\t<br \/>\n\t\t<input\n\t\t\tid=\"mphb_check_out_date-mphb-search-form-69e480706c416\"\n\t\t\tdata-datepick-group=\"mphb-search-form-69e480706c416\"\n\t\t\tvalue=\"\"\n\t\t\tplaceholder=\"Abreisedatum\"\n\t\t\trequired=\"required\"\n\t\t\ttype=\"text\"\n\t\t\tinputmode=\"none\"\n\t\t\tname=\"mphb_check_out_date\"\n\t\t\tclass=\"mphb-datepick\"\n\t\t\tautocomplete=\"off\"\n\t\t\t\/>\n\t<\/p>\n\n\t\t\t<p class=\"mphb_sc_search-adults\">\n\t\t\t<label for=\"mphb_adults-mphb-search-form-69e480706c416\">\n\t\t\t\tErwachsene\t\t\t<\/label>\n\t\t\t<br \/>\n\t\t\t<select id=\"mphb_adults-mphb-search-form-69e480706c416\" name=\"mphb_adults\" >\n\t\t\t\t\t\t\t\t\t<option value=\"1\"  selected='selected'>1<\/option>\n\t\t\t\t\t\t\t\t\t<option value=\"2\" >2<\/option>\n\t\t\t\t\t\t\t\t\t<option value=\"3\" >3<\/option>\n\t\t\t\t\t\t\t\t\t<option value=\"4\" >4<\/option>\n\t\t\t\t\t\t\t\t\t<option value=\"5\" >5<\/option>\n\t\t\t\t\t\t\t\t\t<option value=\"6\" >6<\/option>\n\t\t\t\t\t\t\t\t\t<option value=\"7\" >7<\/option>\n\t\t\t\t\t\t\t\t\t<option value=\"8\" >8<\/option>\n\t\t\t\t\t\t\t\t\t<option value=\"9\" >9<\/option>\n\t\t\t\t\t\t\t\t\t<option value=\"10\" >10<\/option>\n\t\t\t\t\t\t\t\t\t<option value=\"11\" >11<\/option>\n\t\t\t\t\t\t\t\t\t<option value=\"12\" >12<\/option>\n\t\t\t\t\t\t\t\t\t<option value=\"13\" >13<\/option>\n\t\t\t\t\t\t\t\t\t<option value=\"14\" >14<\/option>\n\t\t\t\t\t\t\t\t\t<option value=\"15\" >15<\/option>\n\t\t\t\t\t\t\t\t\t<option value=\"16\" >16<\/option>\n\t\t\t\t\t\t\t\t\t<option value=\"17\" >17<\/option>\n\t\t\t\t\t\t\t\t\t<option value=\"18\" >18<\/option>\n\t\t\t\t\t\t\t\t\t<option value=\"19\" >19<\/option>\n\t\t\t\t\t\t\t\t\t<option value=\"20\" >20<\/option>\n\t\t\t\t\t\t\t\t\t<option value=\"21\" >21<\/option>\n\t\t\t\t\t\t\t\t\t<option value=\"22\" >22<\/option>\n\t\t\t\t\t\t\t\t\t<option value=\"23\" >23<\/option>\n\t\t\t\t\t\t\t\t\t<option value=\"24\" >24<\/option>\n\t\t\t\t\t\t\t\t\t<option value=\"25\" >25<\/option>\n\t\t\t\t\t\t\t\t\t<option value=\"26\" >26<\/option>\n\t\t\t\t\t\t\t\t\t<option value=\"27\" >27<\/option>\n\t\t\t\t\t\t\t\t\t<option value=\"28\" >28<\/option>\n\t\t\t\t\t\t\t\t\t<option value=\"29\" >29<\/option>\n\t\t\t\t\t\t\t\t\t<option value=\"30\" >30<\/option>\n\t\t\t\t\t\t\t<\/select>\n\t\t<\/p>\n\t\n\t\t\t<p class=\"mphb_sc_search-children\">\n\t\t\t<label for=\"mphb_children-mphb-search-form-69e480706c416\">\n\t\t\t\tKinder\t\t\t<\/label>\n\t\t\t<br \/>\n\t\t\t<select id=\"mphb_children-mphb-search-form-69e480706c416\" name=\"mphb_children\">\n\t\t\t\t\t\t\t\t\t<option value=\"0\"  selected='selected'>0<\/option>\n\t\t\t\t\t\t\t\t\t<option value=\"1\" >1<\/option>\n\t\t\t\t\t\t\t\t\t<option value=\"2\" >2<\/option>\n\t\t\t\t\t\t\t\t\t<option value=\"3\" >3<\/option>\n\t\t\t\t\t\t\t\t\t<option value=\"4\" >4<\/option>\n\t\t\t\t\t\t\t\t\t<option value=\"5\" >5<\/option>\n\t\t\t\t\t\t\t\t\t<option value=\"6\" >6<\/option>\n\t\t\t\t\t\t\t\t\t<option value=\"7\" >7<\/option>\n\t\t\t\t\t\t\t\t\t<option value=\"8\" >8<\/option>\n\t\t\t\t\t\t\t\t\t<option value=\"9\" >9<\/option>\n\t\t\t\t\t\t\t\t\t<option value=\"10\" >10<\/option>\n\t\t\t\t\t\t\t<\/select>\n\t\t<\/p>\n\t\n\t\n\t\n\t<input id=\"mphb_check_in_date-mphb-search-form-69e480706c416-hidden\" value=\"\" type=\"hidden\" name=\"mphb_check_in_date\" \/><input id=\"mphb_check_out_date-mphb-search-form-69e480706c416-hidden\" value=\"\" type=\"hidden\" name=\"mphb_check_out_date\" \/>\n\t<p class=\"mphb_sc_search-submit-button-wrapper\">\n\t\t<input type=\"submit\" class=\"button\" value=\"Suche\"\/>\n\t<\/p>\n\n\t\n<\/form>\n<\/div>\n<hr\/>\n<h2>Availability Search Form<\/h2>\n<pre>&lbrack;mphb_availability_search&rbrack;<\/pre>\n<div class=\"mphb_sc_search-wrapper \"><form method=\"GET\" class=\"mphb_sc_search-form\" action=\"https:\/\/www.roomsforrent.lt\/de\/search-results\/\">\n\n\t<p class = \"mphb-required-fields-tip\">\n\t<small>\n\t\tErforderliche Felder werden gefolgt von\t\t<abbr title=\"required\">*<\/abbr>\n\t<\/small>\n<\/p>\n\t<p class=\"mphb_sc_search-check-in-date\">\n\t\t<label for=\"mphb_check_in_date-mphb-search-form-69e480706cdd7\">\n\t\t\tAnreise\t\t\t<abbr title=\"Formatiert als yyyy-mm-dd\">*<\/abbr>\n\t\t<\/label>\n\t\t<br \/>\n\t\t<input\n\t\t\tid=\"mphb_check_in_date-mphb-search-form-69e480706cdd7\"\n\t\t\tdata-datepick-group=\"mphb-search-form-69e480706cdd7\"\n\t\t\tvalue=\"\"\n\t\t\tplaceholder=\"Anreisedatum\"\n\t\t\trequired=\"required\"\n\t\t\ttype=\"text\"\n\t\t\tinputmode=\"none\"\n\t\t\tname=\"mphb_check_in_date\"\n\t\t\tclass=\"mphb-datepick\"\n\t\t\tautocomplete=\"off\"\n\t\t\t\/>\n\t<\/p>\n\n\t<p class=\"mphb_sc_search-check-out-date\">\n\t\t<label for=\"mphb_check_out_date-mphb-search-form-69e480706cdd7\">\n\t\t\tAbreise\t\t\t<abbr title=\"Formatiert als yyyy-mm-dd\">*<\/abbr>\n\t\t<\/label>\n\t\t<br \/>\n\t\t<input\n\t\t\tid=\"mphb_check_out_date-mphb-search-form-69e480706cdd7\"\n\t\t\tdata-datepick-group=\"mphb-search-form-69e480706cdd7\"\n\t\t\tvalue=\"\"\n\t\t\tplaceholder=\"Abreisedatum\"\n\t\t\trequired=\"required\"\n\t\t\ttype=\"text\"\n\t\t\tinputmode=\"none\"\n\t\t\tname=\"mphb_check_out_date\"\n\t\t\tclass=\"mphb-datepick\"\n\t\t\tautocomplete=\"off\"\n\t\t\t\/>\n\t<\/p>\n\n\t\t\t<p class=\"mphb_sc_search-adults\">\n\t\t\t<label for=\"mphb_adults-mphb-search-form-69e480706cdd7\">\n\t\t\t\tErwachsene\t\t\t<\/label>\n\t\t\t<br \/>\n\t\t\t<select id=\"mphb_adults-mphb-search-form-69e480706cdd7\" name=\"mphb_adults\" >\n\t\t\t\t\t\t\t\t\t<option value=\"1\"  selected='selected'>1<\/option>\n\t\t\t\t\t\t\t\t\t<option value=\"2\" >2<\/option>\n\t\t\t\t\t\t\t\t\t<option value=\"3\" >3<\/option>\n\t\t\t\t\t\t\t\t\t<option value=\"4\" >4<\/option>\n\t\t\t\t\t\t\t\t\t<option value=\"5\" >5<\/option>\n\t\t\t\t\t\t\t\t\t<option value=\"6\" >6<\/option>\n\t\t\t\t\t\t\t\t\t<option value=\"7\" >7<\/option>\n\t\t\t\t\t\t\t\t\t<option value=\"8\" >8<\/option>\n\t\t\t\t\t\t\t\t\t<option value=\"9\" >9<\/option>\n\t\t\t\t\t\t\t\t\t<option value=\"10\" >10<\/option>\n\t\t\t\t\t\t\t\t\t<option value=\"11\" >11<\/option>\n\t\t\t\t\t\t\t\t\t<option value=\"12\" >12<\/option>\n\t\t\t\t\t\t\t\t\t<option value=\"13\" >13<\/option>\n\t\t\t\t\t\t\t\t\t<option value=\"14\" >14<\/option>\n\t\t\t\t\t\t\t\t\t<option value=\"15\" >15<\/option>\n\t\t\t\t\t\t\t\t\t<option value=\"16\" >16<\/option>\n\t\t\t\t\t\t\t\t\t<option value=\"17\" >17<\/option>\n\t\t\t\t\t\t\t\t\t<option value=\"18\" >18<\/option>\n\t\t\t\t\t\t\t\t\t<option value=\"19\" >19<\/option>\n\t\t\t\t\t\t\t\t\t<option value=\"20\" >20<\/option>\n\t\t\t\t\t\t\t\t\t<option value=\"21\" >21<\/option>\n\t\t\t\t\t\t\t\t\t<option value=\"22\" >22<\/option>\n\t\t\t\t\t\t\t\t\t<option value=\"23\" >23<\/option>\n\t\t\t\t\t\t\t\t\t<option value=\"24\" >24<\/option>\n\t\t\t\t\t\t\t\t\t<option value=\"25\" >25<\/option>\n\t\t\t\t\t\t\t\t\t<option value=\"26\" >26<\/option>\n\t\t\t\t\t\t\t\t\t<option value=\"27\" >27<\/option>\n\t\t\t\t\t\t\t\t\t<option value=\"28\" >28<\/option>\n\t\t\t\t\t\t\t\t\t<option value=\"29\" >29<\/option>\n\t\t\t\t\t\t\t\t\t<option value=\"30\" >30<\/option>\n\t\t\t\t\t\t\t<\/select>\n\t\t<\/p>\n\t\n\t\t\t<p class=\"mphb_sc_search-children\">\n\t\t\t<label for=\"mphb_children-mphb-search-form-69e480706cdd7\">\n\t\t\t\tKinder\t\t\t<\/label>\n\t\t\t<br \/>\n\t\t\t<select id=\"mphb_children-mphb-search-form-69e480706cdd7\" name=\"mphb_children\">\n\t\t\t\t\t\t\t\t\t<option value=\"0\"  selected='selected'>0<\/option>\n\t\t\t\t\t\t\t\t\t<option value=\"1\" >1<\/option>\n\t\t\t\t\t\t\t\t\t<option value=\"2\" >2<\/option>\n\t\t\t\t\t\t\t\t\t<option value=\"3\" >3<\/option>\n\t\t\t\t\t\t\t\t\t<option value=\"4\" >4<\/option>\n\t\t\t\t\t\t\t\t\t<option value=\"5\" >5<\/option>\n\t\t\t\t\t\t\t\t\t<option value=\"6\" >6<\/option>\n\t\t\t\t\t\t\t\t\t<option value=\"7\" >7<\/option>\n\t\t\t\t\t\t\t\t\t<option value=\"8\" >8<\/option>\n\t\t\t\t\t\t\t\t\t<option value=\"9\" >9<\/option>\n\t\t\t\t\t\t\t\t\t<option value=\"10\" >10<\/option>\n\t\t\t\t\t\t\t<\/select>\n\t\t<\/p>\n\t\n\t\n\t\n\t<input id=\"mphb_check_in_date-mphb-search-form-69e480706cdd7-hidden\" value=\"\" type=\"hidden\" name=\"mphb_check_in_date\" \/><input id=\"mphb_check_out_date-mphb-search-form-69e480706cdd7-hidden\" value=\"\" type=\"hidden\" name=\"mphb_check_out_date\" \/>\n\t<p class=\"mphb_sc_search-submit-button-wrapper\">\n\t\t<input type=\"submit\" class=\"button\" value=\"Suche\"\/>\n\t<\/p>\n\n\t\n<\/form>\n<\/div>\n","protected":false},"excerpt":{"rendered":"<p>Acomodation Types &lbrack;mphb_rooms posts_per_page=&#8221;1&#8243;&rbrack; Acomodation Types &#8211; Grid &lbrack;mphb_rooms class=&#8221;grid&#8221; posts_per_page=&#8221;2&#8243;&rbrack; Availability Search Form Horizontal &lbrack;mphb_availability_search class=&#8221;horizontal&#8221;&rbrack; Availability Search Form &lbrack;mphb_availability_search&rbrack;<\/p>\n","protected":false},"author":1,"featured_media":0,"parent":1258,"menu_order":0,"comment_status":"closed","ping_status":"closed","template":"template-boxed.php","meta":{"_mi_skip_tracking":false,"footnotes":""},"class_list":["post-1024","page","type-page","status-publish","hentry"],"yoast_head":"<!-- This site is optimized with the Yoast SEO plugin v20.7 - https:\/\/yoast.com\/wordpress\/plugins\/seo\/ -->\n<title>Hotel Booking Shortcodes -<\/title>\n<meta name=\"robots\" content=\"index, follow, max-snippet:-1, max-image-preview:large, max-video-preview:-1\" \/>\n<link rel=\"canonical\" href=\"https:\/\/www.roomsforrent.lt\/de\/shortcodes\/hotel-booking-shortcodes\/\" \/>\n<meta property=\"og:locale\" content=\"de_DE\" \/>\n<meta property=\"og:type\" content=\"article\" \/>\n<meta property=\"og:title\" content=\"Hotel Booking Shortcodes -\" \/>\n<meta property=\"og:description\" content=\"Acomodation Types &amp;lbrack;mphb_rooms posts_per_page=&quot;1&quot;&amp;rbrack; Acomodation Types &#8211; Grid &amp;lbrack;mphb_rooms class=&quot;grid&quot; posts_per_page=&quot;2&quot;&amp;rbrack; Availability Search Form Horizontal &amp;lbrack;mphb_availability_search class=&quot;horizontal&quot;&amp;rbrack; Availability Search Form &amp;lbrack;mphb_availability_search&amp;rbrack;\" \/>\n<meta property=\"og:url\" content=\"https:\/\/www.roomsforrent.lt\/de\/shortcodes\/hotel-booking-shortcodes\/\" \/>\n<meta name=\"twitter:card\" content=\"summary_large_image\" \/>\n<script type=\"application\/ld+json\" class=\"yoast-schema-graph\">{\"@context\":\"https:\/\/schema.org\",\"@graph\":[{\"@type\":\"WebPage\",\"@id\":\"https:\/\/www.roomsforrent.lt\/de\/shortcodes\/hotel-booking-shortcodes\/\",\"url\":\"https:\/\/www.roomsforrent.lt\/de\/shortcodes\/hotel-booking-shortcodes\/\",\"name\":\"Hotel Booking Shortcodes -\",\"isPartOf\":{\"@id\":\"https:\/\/www.roomsforrent.lt\/de\/#website\"},\"datePublished\":\"2018-06-15T10:08:56+00:00\",\"dateModified\":\"2018-06-15T10:08:56+00:00\",\"breadcrumb\":{\"@id\":\"https:\/\/www.roomsforrent.lt\/de\/shortcodes\/hotel-booking-shortcodes\/#breadcrumb\"},\"inLanguage\":\"de\",\"potentialAction\":[{\"@type\":\"ReadAction\",\"target\":[\"https:\/\/www.roomsforrent.lt\/de\/shortcodes\/hotel-booking-shortcodes\/\"]}]},{\"@type\":\"BreadcrumbList\",\"@id\":\"https:\/\/www.roomsforrent.lt\/de\/shortcodes\/hotel-booking-shortcodes\/#breadcrumb\",\"itemListElement\":[{\"@type\":\"ListItem\",\"position\":1,\"name\":\"Home\",\"item\":\"https:\/\/www.roomsforrent.lt\/de\/home-1\/\"},{\"@type\":\"ListItem\",\"position\":2,\"name\":\"Shortcodes\",\"item\":\"https:\/\/www.roomsforrent.lt\/de\/shortcodes\/\"},{\"@type\":\"ListItem\",\"position\":3,\"name\":\"Hotel Booking Shortcodes\"}]},{\"@type\":\"WebSite\",\"@id\":\"https:\/\/www.roomsforrent.lt\/de\/#website\",\"url\":\"https:\/\/www.roomsforrent.lt\/de\/\",\"name\":\"\",\"description\":\"\",\"potentialAction\":[{\"@type\":\"SearchAction\",\"target\":{\"@type\":\"EntryPoint\",\"urlTemplate\":\"https:\/\/www.roomsforrent.lt\/de\/?s={search_term_string}\"},\"query-input\":\"required name=search_term_string\"}],\"inLanguage\":\"de\"}]}<\/script>\n<!-- \/ Yoast SEO plugin. -->","yoast_head_json":{"title":"Hotel Booking Shortcodes -","robots":{"index":"index","follow":"follow","max-snippet":"max-snippet:-1","max-image-preview":"max-image-preview:large","max-video-preview":"max-video-preview:-1"},"canonical":"https:\/\/www.roomsforrent.lt\/de\/shortcodes\/hotel-booking-shortcodes\/","og_locale":"de_DE","og_type":"article","og_title":"Hotel Booking Shortcodes -","og_description":"Acomodation Types &lbrack;mphb_rooms posts_per_page=\"1\"&rbrack; Acomodation Types &#8211; Grid &lbrack;mphb_rooms class=\"grid\" posts_per_page=\"2\"&rbrack; Availability Search Form Horizontal &lbrack;mphb_availability_search class=\"horizontal\"&rbrack; Availability Search Form &lbrack;mphb_availability_search&rbrack;","og_url":"https:\/\/www.roomsforrent.lt\/de\/shortcodes\/hotel-booking-shortcodes\/","twitter_card":"summary_large_image","schema":{"@context":"https:\/\/schema.org","@graph":[{"@type":"WebPage","@id":"https:\/\/www.roomsforrent.lt\/de\/shortcodes\/hotel-booking-shortcodes\/","url":"https:\/\/www.roomsforrent.lt\/de\/shortcodes\/hotel-booking-shortcodes\/","name":"Hotel Booking Shortcodes -","isPartOf":{"@id":"https:\/\/www.roomsforrent.lt\/de\/#website"},"datePublished":"2018-06-15T10:08:56+00:00","dateModified":"2018-06-15T10:08:56+00:00","breadcrumb":{"@id":"https:\/\/www.roomsforrent.lt\/de\/shortcodes\/hotel-booking-shortcodes\/#breadcrumb"},"inLanguage":"de","potentialAction":[{"@type":"ReadAction","target":["https:\/\/www.roomsforrent.lt\/de\/shortcodes\/hotel-booking-shortcodes\/"]}]},{"@type":"BreadcrumbList","@id":"https:\/\/www.roomsforrent.lt\/de\/shortcodes\/hotel-booking-shortcodes\/#breadcrumb","itemListElement":[{"@type":"ListItem","position":1,"name":"Home","item":"https:\/\/www.roomsforrent.lt\/de\/home-1\/"},{"@type":"ListItem","position":2,"name":"Shortcodes","item":"https:\/\/www.roomsforrent.lt\/de\/shortcodes\/"},{"@type":"ListItem","position":3,"name":"Hotel Booking Shortcodes"}]},{"@type":"WebSite","@id":"https:\/\/www.roomsforrent.lt\/de\/#website","url":"https:\/\/www.roomsforrent.lt\/de\/","name":"","description":"","potentialAction":[{"@type":"SearchAction","target":{"@type":"EntryPoint","urlTemplate":"https:\/\/www.roomsforrent.lt\/de\/?s={search_term_string}"},"query-input":"required name=search_term_string"}],"inLanguage":"de"}]}},"_links":{"self":[{"href":"https:\/\/www.roomsforrent.lt\/de\/wp-json\/wp\/v2\/pages\/1024","targetHints":{"allow":["GET"]}}],"collection":[{"href":"https:\/\/www.roomsforrent.lt\/de\/wp-json\/wp\/v2\/pages"}],"about":[{"href":"https:\/\/www.roomsforrent.lt\/de\/wp-json\/wp\/v2\/types\/page"}],"author":[{"embeddable":true,"href":"https:\/\/www.roomsforrent.lt\/de\/wp-json\/wp\/v2\/users\/1"}],"replies":[{"embeddable":true,"href":"https:\/\/www.roomsforrent.lt\/de\/wp-json\/wp\/v2\/comments?post=1024"}],"version-history":[{"count":0,"href":"https:\/\/www.roomsforrent.lt\/de\/wp-json\/wp\/v2\/pages\/1024\/revisions"}],"up":[{"embeddable":true,"href":"https:\/\/www.roomsforrent.lt\/de\/wp-json\/wp\/v2\/pages\/1258"}],"wp:attachment":[{"href":"https:\/\/www.roomsforrent.lt\/de\/wp-json\/wp\/v2\/media?parent=1024"}],"curies":[{"name":"wp","href":"https:\/\/api.w.org\/{rel}","templated":true}]}}