{"id":2054,"date":"2023-06-22T08:16:58","date_gmt":"2023-06-22T08:16:58","guid":{"rendered":"https:\/\/www.roomsforrent.lt\/gaesteregeln\/"},"modified":"2025-12-08T13:14:20","modified_gmt":"2025-12-08T13:14:20","slug":"gaesteregeln","status":"publish","type":"page","link":"https:\/\/www.roomsforrent.lt\/de\/gaesteregeln\/","title":{"rendered":"G\u00e4steregeln"},"content":{"rendered":"\n<p>Anmeldung ab 15 Uhr.<\/p>\n\n<p>Check-out bis 12 Uhr.<\/p>\n\n<p>Wir werden Ihnen die Schl\u00fcssel bei unserem Treffen \u00fcbergeben.<\/p>\n\n<p>Die Anmeldung in der Unterkunft ist ab 18 Jahren m\u00f6glich.<\/p>\n\n<p>Die Einrichtung nimmt Kinder ab 6 Jahren auf, es gilt der Preis f\u00fcr Erwachsene. Geben Sie in der Suche die Anzahl der Kinder und deren Alter an.<\/p>\n\n<p>Das Rauchen ist in den Zimmern und auf den Balkonen verboten, es gilt eine Strafe von 100 Euro. Geldstrafe.<\/p>\n\n<p>In dieser Unterkunft werden keine Junggesellenabschiede, Junggesellinnenabschiede oder andere Veranstaltungen organisiert.<\/p>\n\n<p>Wenn Sie w\u00e4hrend Ihres Aufenthalts Sch\u00e4den an der Unterkunft verursachen, kann von Ihnen nach dem Auschecken eine Strafgeb\u00fchr verlangt werden, deren H\u00f6he vom Umfang der Sch\u00e4den abh\u00e4ngt.<\/p>\n\n<p>Die Nachtruhe dauert von 22 Uhr bis 6 Uhr. bis 7 Uhr<\/p>\n\n<p>Wir akzeptieren keine Tiere.<\/p>\n\n<p>Das Parken ist kostenpflichtig.<\/p>\n","protected":false},"excerpt":{"rendered":"<p>Anmeldung ab 15 Uhr. Check-out bis 12 Uhr. Wir werden Ihnen die Schl\u00fcssel bei unserem Treffen \u00fcbergeben. Die Anmeldung in der Unterkunft ist ab 18 Jahren m\u00f6glich. Die Einrichtung nimmt Kinder ab 6 Jahren auf, es gilt der Preis f\u00fcr Erwachsene. Geben Sie in der Suche die Anzahl der Kinder und deren Alter an. Das [&hellip;]<\/p>\n","protected":false},"author":1,"featured_media":0,"parent":0,"menu_order":0,"comment_status":"closed","ping_status":"closed","template":"","meta":{"_mi_skip_tracking":false,"footnotes":""},"class_list":["post-2054","page","type-page","status-publish","hentry"],"yoast_head":"<!-- This site is optimized with the Yoast SEO plugin v20.7 - https:\/\/yoast.com\/wordpress\/plugins\/seo\/ -->\n<title>G\u00e4steregeln -<\/title>\n<meta name=\"robots\" content=\"index, follow, max-snippet:-1, max-image-preview:large, max-video-preview:-1\" \/>\n<link rel=\"canonical\" href=\"https:\/\/www.roomsforrent.lt\/de\/gaesteregeln\/\" \/>\n<meta property=\"og:locale\" content=\"de_DE\" \/>\n<meta property=\"og:type\" content=\"article\" \/>\n<meta property=\"og:title\" content=\"G\u00e4steregeln -\" \/>\n<meta property=\"og:description\" content=\"Anmeldung ab 15 Uhr. Check-out bis 12 Uhr. Wir werden Ihnen die Schl\u00fcssel bei unserem Treffen \u00fcbergeben. Die Anmeldung in der Unterkunft ist ab 18 Jahren m\u00f6glich. Die Einrichtung nimmt Kinder ab 6 Jahren auf, es gilt der Preis f\u00fcr Erwachsene. Geben Sie in der Suche die Anzahl der Kinder und deren Alter an. Das [&hellip;]\" \/>\n<meta property=\"og:url\" content=\"https:\/\/www.roomsforrent.lt\/de\/gaesteregeln\/\" \/>\n<meta property=\"article:modified_time\" content=\"2025-12-08T13:14:20+00:00\" \/>\n<meta name=\"twitter:card\" content=\"summary_large_image\" \/>\n<meta name=\"twitter:label1\" content=\"Gesch\u00e4tzte Lesezeit\" \/>\n\t<meta name=\"twitter:data1\" content=\"1\u00a0Minute\" \/>\n<script type=\"application\/ld+json\" class=\"yoast-schema-graph\">{\"@context\":\"https:\/\/schema.org\",\"@graph\":[{\"@type\":\"WebPage\",\"@id\":\"https:\/\/www.roomsforrent.lt\/de\/gaesteregeln\/\",\"url\":\"https:\/\/www.roomsforrent.lt\/de\/gaesteregeln\/\",\"name\":\"G\u00e4steregeln -\",\"isPartOf\":{\"@id\":\"https:\/\/www.roomsforrent.lt\/de\/#website\"},\"datePublished\":\"2023-06-22T08:16:58+00:00\",\"dateModified\":\"2025-12-08T13:14:20+00:00\",\"breadcrumb\":{\"@id\":\"https:\/\/www.roomsforrent.lt\/de\/gaesteregeln\/#breadcrumb\"},\"inLanguage\":\"de\",\"potentialAction\":[{\"@type\":\"ReadAction\",\"target\":[\"https:\/\/www.roomsforrent.lt\/de\/gaesteregeln\/\"]}]},{\"@type\":\"BreadcrumbList\",\"@id\":\"https:\/\/www.roomsforrent.lt\/de\/gaesteregeln\/#breadcrumb\",\"itemListElement\":[{\"@type\":\"ListItem\",\"position\":1,\"name\":\"Home\",\"item\":\"https:\/\/www.roomsforrent.lt\/de\/home-1\/\"},{\"@type\":\"ListItem\",\"position\":2,\"name\":\"G\u00e4steregeln\"}]},{\"@type\":\"WebSite\",\"@id\":\"https:\/\/www.roomsforrent.lt\/de\/#website\",\"url\":\"https:\/\/www.roomsforrent.lt\/de\/\",\"name\":\"\",\"description\":\"\",\"potentialAction\":[{\"@type\":\"SearchAction\",\"target\":{\"@type\":\"EntryPoint\",\"urlTemplate\":\"https:\/\/www.roomsforrent.lt\/de\/?s={search_term_string}\"},\"query-input\":\"required name=search_term_string\"}],\"inLanguage\":\"de\"}]}<\/script>\n<!-- \/ Yoast SEO plugin. -->","yoast_head_json":{"title":"G\u00e4steregeln -","robots":{"index":"index","follow":"follow","max-snippet":"max-snippet:-1","max-image-preview":"max-image-preview:large","max-video-preview":"max-video-preview:-1"},"canonical":"https:\/\/www.roomsforrent.lt\/de\/gaesteregeln\/","og_locale":"de_DE","og_type":"article","og_title":"G\u00e4steregeln -","og_description":"Anmeldung ab 15 Uhr. Check-out bis 12 Uhr. Wir werden Ihnen die Schl\u00fcssel bei unserem Treffen \u00fcbergeben. Die Anmeldung in der Unterkunft ist ab 18 Jahren m\u00f6glich. Die Einrichtung nimmt Kinder ab 6 Jahren auf, es gilt der Preis f\u00fcr Erwachsene. Geben Sie in der Suche die Anzahl der Kinder und deren Alter an. Das [&hellip;]","og_url":"https:\/\/www.roomsforrent.lt\/de\/gaesteregeln\/","article_modified_time":"2025-12-08T13:14:20+00:00","twitter_card":"summary_large_image","twitter_misc":{"Gesch\u00e4tzte Lesezeit":"1\u00a0Minute"},"schema":{"@context":"https:\/\/schema.org","@graph":[{"@type":"WebPage","@id":"https:\/\/www.roomsforrent.lt\/de\/gaesteregeln\/","url":"https:\/\/www.roomsforrent.lt\/de\/gaesteregeln\/","name":"G\u00e4steregeln -","isPartOf":{"@id":"https:\/\/www.roomsforrent.lt\/de\/#website"},"datePublished":"2023-06-22T08:16:58+00:00","dateModified":"2025-12-08T13:14:20+00:00","breadcrumb":{"@id":"https:\/\/www.roomsforrent.lt\/de\/gaesteregeln\/#breadcrumb"},"inLanguage":"de","potentialAction":[{"@type":"ReadAction","target":["https:\/\/www.roomsforrent.lt\/de\/gaesteregeln\/"]}]},{"@type":"BreadcrumbList","@id":"https:\/\/www.roomsforrent.lt\/de\/gaesteregeln\/#breadcrumb","itemListElement":[{"@type":"ListItem","position":1,"name":"Home","item":"https:\/\/www.roomsforrent.lt\/de\/home-1\/"},{"@type":"ListItem","position":2,"name":"G\u00e4steregeln"}]},{"@type":"WebSite","@id":"https:\/\/www.roomsforrent.lt\/de\/#website","url":"https:\/\/www.roomsforrent.lt\/de\/","name":"","description":"","potentialAction":[{"@type":"SearchAction","target":{"@type":"EntryPoint","urlTemplate":"https:\/\/www.roomsforrent.lt\/de\/?s={search_term_string}"},"query-input":"required name=search_term_string"}],"inLanguage":"de"}]}},"_links":{"self":[{"href":"https:\/\/www.roomsforrent.lt\/de\/wp-json\/wp\/v2\/pages\/2054","targetHints":{"allow":["GET"]}}],"collection":[{"href":"https:\/\/www.roomsforrent.lt\/de\/wp-json\/wp\/v2\/pages"}],"about":[{"href":"https:\/\/www.roomsforrent.lt\/de\/wp-json\/wp\/v2\/types\/page"}],"author":[{"embeddable":true,"href":"https:\/\/www.roomsforrent.lt\/de\/wp-json\/wp\/v2\/users\/1"}],"replies":[{"embeddable":true,"href":"https:\/\/www.roomsforrent.lt\/de\/wp-json\/wp\/v2\/comments?post=2054"}],"version-history":[{"count":1,"href":"https:\/\/www.roomsforrent.lt\/de\/wp-json\/wp\/v2\/pages\/2054\/revisions"}],"predecessor-version":[{"id":2055,"href":"https:\/\/www.roomsforrent.lt\/de\/wp-json\/wp\/v2\/pages\/2054\/revisions\/2055"}],"wp:attachment":[{"href":"https:\/\/www.roomsforrent.lt\/de\/wp-json\/wp\/v2\/media?parent=2054"}],"curies":[{"name":"wp","href":"https:\/\/api.w.org\/{rel}","templated":true}]}}