{"id":1034,"date":"2018-06-15T09:16:43","date_gmt":"2018-06-15T09:16:43","guid":{"rendered":"http:\/\/www.roomsforrent.lt\/testimonials-shortcode\/"},"modified":"2018-06-15T09:16:43","modified_gmt":"2018-06-15T09:16:43","slug":"testimonials-shortcode","status":"publish","type":"page","link":"https:\/\/www.roomsforrent.lt\/ru\/shortcodes\/testimonials-shortcode\/","title":{"rendered":"Testimonial Shortcodes"},"content":{"rendered":"<h2>2 columns<\/h2>\n<pre>&#091;testimonials columns=\"2\" showposts=\"2\"&#093;<\/pre>\n\t\t<div class=\"testimonials-wrapper columns-2\">\r\n\t\t\r\n<article id=\"post-138\" class=\"post-138 cptp-testimonial type-cptp-testimonial status-publish hentry\">\r\n    <div class=\"testimonial-wrapper\">\r\n        <div class=\"testimonial-thumbnail\">\r\n            <a class=\"post-thumbnail\" href=\"https:\/\/www.roomsforrent.lt\/ru\/testimonial\/brandon-willson\/\" aria-hidden=\"true\">\r\n                            <\/a>\r\n        <\/div>\r\n        <div class=\"rating\">\r\n            <span class=\"star\"><i class=\"fa fa-star\"><\/i><\/span><span class=\"star\"><i class=\"fa fa-star\"><\/i><\/span><span class=\"star\"><i class=\"fa fa-star\"><\/i><\/span><span class=\"star\"><i class=\"fa fa-star\"><\/i><\/span><span class=\"star\"><i class=\"fa fa-star\"><\/i><\/span>        <\/div>\r\n        <div class=\"entry-content\">\r\n            <p>Labai jaukus ir \u0161varus butas, viskas apgalvota iki smulkmen\u0173. Likau labai patenkinta vie\u0161nage.<\/p>\n        <\/div><!-- .entry-content -->\r\n\t\t<header class=\"entry-header\">\r\n\t\t<h2 class=\"entry-title\"><a href=\"https:\/\/www.roomsforrent.lt\/ru\/testimonial\/brandon-willson\/\" rel=\"bookmark\">Egl\u0117<\/a><\/h2>        <\/header><!-- .entry-header -->\r\n        <span class=\"testimonial-subtitle\">\r\n                    <\/span>\r\n\r\n    <\/div>\r\n<\/article><!-- #post-138 -->\r\n\r\n<article id=\"post-136\" class=\"post-136 cptp-testimonial type-cptp-testimonial status-publish hentry\">\r\n    <div class=\"testimonial-wrapper\">\r\n        <div class=\"testimonial-thumbnail\">\r\n            <a class=\"post-thumbnail\" href=\"https:\/\/www.roomsforrent.lt\/ru\/testimonial\/nathan-reynolds\/\" aria-hidden=\"true\">\r\n                            <\/a>\r\n        <\/div>\r\n        <div class=\"rating\">\r\n            <span class=\"star\"><i class=\"fa fa-star\"><\/i><\/span><span class=\"star\"><i class=\"fa fa-star\"><\/i><\/span><span class=\"star\"><i class=\"fa fa-star\"><\/i><\/span><span class=\"star\"><i class=\"fa fa-star\"><\/i><\/span><span class=\"star\"><i class=\"fa fa-star\"><\/i><\/span>        <\/div>\r\n        <div class=\"entry-content\">\r\n            <p>Puiki vieta ir labai draugi\u0161kas \u0161eimininkas. Butas \u0161iltas, tvarkingas, o lova \u2014 itin patogi<\/p>\n        <\/div><!-- .entry-content -->\r\n\t\t<header class=\"entry-header\">\r\n\t\t<h2 class=\"entry-title\"><a href=\"https:\/\/www.roomsforrent.lt\/ru\/testimonial\/nathan-reynolds\/\" rel=\"bookmark\">Tomas<\/a><\/h2>        <\/header><!-- .entry-header -->\r\n        <span class=\"testimonial-subtitle\">\r\n                    <\/span>\r\n\r\n    <\/div>\r\n<\/article><!-- #post-136 -->\r\n<nav class=\"navigation pagination\" role=\"navigation\">\r\n\t\t\t<h2 class=\"screen-reader-text\">Pagination<\/h2>\r\n\t\t\t<div class=\"nav-links\"><span aria-current=\"page\" class=\"page-numbers current\">1<\/span>\n<a class=\"page-numbers\" href=\"https:\/\/www.roomsforrent.lt\/ru\/wp-json\/wp\/v2\/pages\/1034\/page\/2\/\">2<\/a>\n<a class=\"next page-numbers\" href=\"https:\/\/www.roomsforrent.lt\/ru\/wp-json\/wp\/v2\/pages\/1034\/page\/2\/\">\u0414\u0430\u043b\u0435\u0435 &rarr;<\/a><\/div>\r\n\t\t<\/nav>\t\t<\/div>\r\n\t\t\n<hr>\n<h2>1 columns<\/h2>\n<pre>&#091;testimonials columns=\"1\" showposts=\"2\"&#093;<\/pre>\n\t\t<div class=\"testimonials-wrapper columns-1\">\r\n\t\t\r\n<article id=\"post-138\" class=\"post-138 cptp-testimonial type-cptp-testimonial status-publish hentry\">\r\n    <div class=\"testimonial-wrapper\">\r\n        <div class=\"testimonial-thumbnail\">\r\n            <a class=\"post-thumbnail\" href=\"https:\/\/www.roomsforrent.lt\/ru\/testimonial\/brandon-willson\/\" aria-hidden=\"true\">\r\n                            <\/a>\r\n        <\/div>\r\n        <div class=\"rating\">\r\n            <span class=\"star\"><i class=\"fa fa-star\"><\/i><\/span><span class=\"star\"><i class=\"fa fa-star\"><\/i><\/span><span class=\"star\"><i class=\"fa fa-star\"><\/i><\/span><span class=\"star\"><i class=\"fa fa-star\"><\/i><\/span><span class=\"star\"><i class=\"fa fa-star\"><\/i><\/span>        <\/div>\r\n        <div class=\"entry-content\">\r\n            <p>Labai jaukus ir \u0161varus butas, viskas apgalvota iki smulkmen\u0173. Likau labai patenkinta vie\u0161nage.<\/p>\n        <\/div><!-- .entry-content -->\r\n\t\t<header class=\"entry-header\">\r\n\t\t<h2 class=\"entry-title\"><a href=\"https:\/\/www.roomsforrent.lt\/ru\/testimonial\/brandon-willson\/\" rel=\"bookmark\">Egl\u0117<\/a><\/h2>        <\/header><!-- .entry-header -->\r\n        <span class=\"testimonial-subtitle\">\r\n                    <\/span>\r\n\r\n    <\/div>\r\n<\/article><!-- #post-138 -->\r\n\r\n<article id=\"post-136\" class=\"post-136 cptp-testimonial type-cptp-testimonial status-publish hentry\">\r\n    <div class=\"testimonial-wrapper\">\r\n        <div class=\"testimonial-thumbnail\">\r\n            <a class=\"post-thumbnail\" href=\"https:\/\/www.roomsforrent.lt\/ru\/testimonial\/nathan-reynolds\/\" aria-hidden=\"true\">\r\n                            <\/a>\r\n        <\/div>\r\n        <div class=\"rating\">\r\n            <span class=\"star\"><i class=\"fa fa-star\"><\/i><\/span><span class=\"star\"><i class=\"fa fa-star\"><\/i><\/span><span class=\"star\"><i class=\"fa fa-star\"><\/i><\/span><span class=\"star\"><i class=\"fa fa-star\"><\/i><\/span><span class=\"star\"><i class=\"fa fa-star\"><\/i><\/span>        <\/div>\r\n        <div class=\"entry-content\">\r\n            <p>Puiki vieta ir labai draugi\u0161kas \u0161eimininkas. Butas \u0161iltas, tvarkingas, o lova \u2014 itin patogi<\/p>\n        <\/div><!-- .entry-content -->\r\n\t\t<header class=\"entry-header\">\r\n\t\t<h2 class=\"entry-title\"><a href=\"https:\/\/www.roomsforrent.lt\/ru\/testimonial\/nathan-reynolds\/\" rel=\"bookmark\">Tomas<\/a><\/h2>        <\/header><!-- .entry-header -->\r\n        <span class=\"testimonial-subtitle\">\r\n                    <\/span>\r\n\r\n    <\/div>\r\n<\/article><!-- #post-136 -->\r\n<nav class=\"navigation pagination\" role=\"navigation\">\r\n\t\t\t<h2 class=\"screen-reader-text\">Pagination<\/h2>\r\n\t\t\t<div class=\"nav-links\"><span aria-current=\"page\" class=\"page-numbers current\">1<\/span>\n<a class=\"page-numbers\" href=\"https:\/\/www.roomsforrent.lt\/ru\/wp-json\/wp\/v2\/pages\/1034\/page\/2\/\">2<\/a>\n<a class=\"next page-numbers\" href=\"https:\/\/www.roomsforrent.lt\/ru\/wp-json\/wp\/v2\/pages\/1034\/page\/2\/\">\u0414\u0430\u043b\u0435\u0435 &rarr;<\/a><\/div>\r\n\t\t<\/nav>\t\t<\/div>\r\n\t\t\n","protected":false},"excerpt":{"rendered":"<p>2 columns &#091;testimonials columns=&#8221;2&#8243; showposts=&#8221;2&#8243;&#093; 1 columns &#091;testimonials columns=&#8221;1&#8243; showposts=&#8221;2&#8243;&#093;<\/p>\n","protected":false},"author":1,"featured_media":0,"parent":1259,"menu_order":0,"comment_status":"closed","ping_status":"closed","template":"template-boxed.php","meta":{"_mi_skip_tracking":false,"footnotes":""},"class_list":["post-1034","page","type-page","status-publish","hentry"],"yoast_head":"<!-- This site is optimized with the Yoast SEO plugin v20.7 - https:\/\/yoast.com\/wordpress\/plugins\/seo\/ -->\n<title>Testimonial Shortcodes -<\/title>\n<meta name=\"robots\" content=\"index, follow, max-snippet:-1, max-image-preview:large, max-video-preview:-1\" \/>\n<link rel=\"canonical\" href=\"https:\/\/www.roomsforrent.lt\/ru\/shortcodes\/testimonials-shortcode\/\" \/>\n<meta property=\"og:locale\" content=\"ru_RU\" \/>\n<meta property=\"og:type\" content=\"article\" \/>\n<meta property=\"og:title\" content=\"Testimonial Shortcodes -\" \/>\n<meta property=\"og:description\" content=\"2 columns &#091;testimonials columns=&quot;2&quot; showposts=&quot;2&quot;&#093; 1 columns &#091;testimonials columns=&quot;1&quot; showposts=&quot;2&quot;&#093;\" \/>\n<meta property=\"og:url\" content=\"https:\/\/www.roomsforrent.lt\/ru\/shortcodes\/testimonials-shortcode\/\" \/>\n<meta name=\"twitter:card\" content=\"summary_large_image\" \/>\n<script type=\"application\/ld+json\" class=\"yoast-schema-graph\">{\"@context\":\"https:\/\/schema.org\",\"@graph\":[{\"@type\":\"WebPage\",\"@id\":\"https:\/\/www.roomsforrent.lt\/ru\/shortcodes\/testimonials-shortcode\/\",\"url\":\"https:\/\/www.roomsforrent.lt\/ru\/shortcodes\/testimonials-shortcode\/\",\"name\":\"Testimonial Shortcodes -\",\"isPartOf\":{\"@id\":\"https:\/\/www.roomsforrent.lt\/ru\/#website\"},\"datePublished\":\"2018-06-15T09:16:43+00:00\",\"dateModified\":\"2018-06-15T09:16:43+00:00\",\"breadcrumb\":{\"@id\":\"https:\/\/www.roomsforrent.lt\/ru\/shortcodes\/testimonials-shortcode\/#breadcrumb\"},\"inLanguage\":\"ru-RU\",\"potentialAction\":[{\"@type\":\"ReadAction\",\"target\":[\"https:\/\/www.roomsforrent.lt\/ru\/shortcodes\/testimonials-shortcode\/\"]}]},{\"@type\":\"BreadcrumbList\",\"@id\":\"https:\/\/www.roomsforrent.lt\/ru\/shortcodes\/testimonials-shortcode\/#breadcrumb\",\"itemListElement\":[{\"@type\":\"ListItem\",\"position\":1,\"name\":\"Home\",\"item\":\"https:\/\/www.roomsforrent.lt\/ru\/home-1\/\"},{\"@type\":\"ListItem\",\"position\":2,\"name\":\"Shortcodes\",\"item\":\"https:\/\/www.roomsforrent.lt\/ru\/shortcodes\/\"},{\"@type\":\"ListItem\",\"position\":3,\"name\":\"Testimonial Shortcodes\"}]},{\"@type\":\"WebSite\",\"@id\":\"https:\/\/www.roomsforrent.lt\/ru\/#website\",\"url\":\"https:\/\/www.roomsforrent.lt\/ru\/\",\"name\":\"\",\"description\":\"\",\"potentialAction\":[{\"@type\":\"SearchAction\",\"target\":{\"@type\":\"EntryPoint\",\"urlTemplate\":\"https:\/\/www.roomsforrent.lt\/ru\/?s={search_term_string}\"},\"query-input\":\"required name=search_term_string\"}],\"inLanguage\":\"ru-RU\"}]}<\/script>\n<!-- \/ Yoast SEO plugin. -->","yoast_head_json":{"title":"Testimonial Shortcodes -","robots":{"index":"index","follow":"follow","max-snippet":"max-snippet:-1","max-image-preview":"max-image-preview:large","max-video-preview":"max-video-preview:-1"},"canonical":"https:\/\/www.roomsforrent.lt\/ru\/shortcodes\/testimonials-shortcode\/","og_locale":"ru_RU","og_type":"article","og_title":"Testimonial Shortcodes -","og_description":"2 columns &#091;testimonials columns=\"2\" showposts=\"2\"&#093; 1 columns &#091;testimonials columns=\"1\" showposts=\"2\"&#093;","og_url":"https:\/\/www.roomsforrent.lt\/ru\/shortcodes\/testimonials-shortcode\/","twitter_card":"summary_large_image","schema":{"@context":"https:\/\/schema.org","@graph":[{"@type":"WebPage","@id":"https:\/\/www.roomsforrent.lt\/ru\/shortcodes\/testimonials-shortcode\/","url":"https:\/\/www.roomsforrent.lt\/ru\/shortcodes\/testimonials-shortcode\/","name":"Testimonial Shortcodes -","isPartOf":{"@id":"https:\/\/www.roomsforrent.lt\/ru\/#website"},"datePublished":"2018-06-15T09:16:43+00:00","dateModified":"2018-06-15T09:16:43+00:00","breadcrumb":{"@id":"https:\/\/www.roomsforrent.lt\/ru\/shortcodes\/testimonials-shortcode\/#breadcrumb"},"inLanguage":"ru-RU","potentialAction":[{"@type":"ReadAction","target":["https:\/\/www.roomsforrent.lt\/ru\/shortcodes\/testimonials-shortcode\/"]}]},{"@type":"BreadcrumbList","@id":"https:\/\/www.roomsforrent.lt\/ru\/shortcodes\/testimonials-shortcode\/#breadcrumb","itemListElement":[{"@type":"ListItem","position":1,"name":"Home","item":"https:\/\/www.roomsforrent.lt\/ru\/home-1\/"},{"@type":"ListItem","position":2,"name":"Shortcodes","item":"https:\/\/www.roomsforrent.lt\/ru\/shortcodes\/"},{"@type":"ListItem","position":3,"name":"Testimonial Shortcodes"}]},{"@type":"WebSite","@id":"https:\/\/www.roomsforrent.lt\/ru\/#website","url":"https:\/\/www.roomsforrent.lt\/ru\/","name":"","description":"","potentialAction":[{"@type":"SearchAction","target":{"@type":"EntryPoint","urlTemplate":"https:\/\/www.roomsforrent.lt\/ru\/?s={search_term_string}"},"query-input":"required name=search_term_string"}],"inLanguage":"ru-RU"}]}},"_links":{"self":[{"href":"https:\/\/www.roomsforrent.lt\/ru\/wp-json\/wp\/v2\/pages\/1034","targetHints":{"allow":["GET"]}}],"collection":[{"href":"https:\/\/www.roomsforrent.lt\/ru\/wp-json\/wp\/v2\/pages"}],"about":[{"href":"https:\/\/www.roomsforrent.lt\/ru\/wp-json\/wp\/v2\/types\/page"}],"author":[{"embeddable":true,"href":"https:\/\/www.roomsforrent.lt\/ru\/wp-json\/wp\/v2\/users\/1"}],"replies":[{"embeddable":true,"href":"https:\/\/www.roomsforrent.lt\/ru\/wp-json\/wp\/v2\/comments?post=1034"}],"version-history":[{"count":0,"href":"https:\/\/www.roomsforrent.lt\/ru\/wp-json\/wp\/v2\/pages\/1034\/revisions"}],"up":[{"embeddable":true,"href":"https:\/\/www.roomsforrent.lt\/ru\/wp-json\/wp\/v2\/pages\/1259"}],"wp:attachment":[{"href":"https:\/\/www.roomsforrent.lt\/ru\/wp-json\/wp\/v2\/media?parent=1034"}],"curies":[{"name":"wp","href":"https:\/\/api.w.org\/{rel}","templated":true}]}}